{"id":9123,"date":"2026-04-20T14:54:21","date_gmt":"2026-04-20T12:54:21","guid":{"rendered":"https:\/\/wckik.pl\/wp\/?page_id=9123"},"modified":"2026-05-05T12:52:10","modified_gmt":"2026-05-05T10:52:10","slug":"oferty-pracy","status":"publish","type":"page","link":"https:\/\/wckik.pl\/wp\/oferty-pracy\/","title":{"rendered":"Oferty Pracy"},"content":{"rendered":"<p>[et_pb_section fb_built=&#8221;1&#8243; _builder_version=&#8221;4.27.5&#8243; _module_preset=&#8221;default&#8221; global_colors_info=&#8221;{}&#8221;][et_pb_row column_structure=&#8221;1_4,3_4&#8243; admin_label=&#8221;Wiersz&#8221; _builder_version=&#8221;4.27.5&#8243; _module_preset=&#8221;default&#8221; max_width=&#8221;1345px&#8221; custom_margin=&#8221;|15%||auto|false|false&#8221; custom_padding=&#8221;||||false|false&#8221; global_colors_info=&#8221;{}&#8221;][et_pb_column type=&#8221;1_4&#8243; _builder_version=&#8221;4.27.5&#8243; _module_preset=&#8221;default&#8221; global_colors_info=&#8221;{}&#8221;][et_pb_menu menu_id=&#8221;21&#8243; logo_width=&#8221;100%&#8221; cart_icon_font_size=&#8221;120px&#8221; search_icon_font_size=&#8221;120px&#8221; menu_icon_font_size=&#8221;120px&#8221; _builder_version=&#8221;4.27.5&#8243; _module_preset=&#8221;default&#8221; menu_font_size=&#8221;16px&#8221; menu_line_height=&#8221;1.3em&#8221; custom_margin=&#8221;44%|21%|||false|false&#8221; custom_padding=&#8221;||||false|false&#8221; scroll_vertical_motion=&#8221;0|50|50|100|1|0|3&#8243; global_colors_info=&#8221;{}&#8221;][\/et_pb_menu][\/et_pb_column][et_pb_column type=&#8221;3_4&#8243; _builder_version=&#8221;4.27.5&#8243; _module_preset=&#8221;default&#8221; global_colors_info=&#8221;{}&#8221;][et_pb_text admin_label=&#8221;Tekst&#8221; _builder_version=&#8221;4.27.5&#8243; _module_preset=&#8221;default&#8221; global_colors_info=&#8221;{}&#8221;]<\/p>\n<h2 align=\"justify\"><strong><em>Oferty pracy:<\/em><\/strong><\/h2>\n<hr style=\"height: 3px; background-color: #aaa; border: none;\" \/>\n<p><strong>Osoby zainteresowane prosimy o sk\u0142adanie aplikacji na adres:\u00a0<a href=\"mailto:kadry@wckik.pl\">kadry@wckik.pl<\/a>\u00a0lub kontakt telefoniczny<br \/><\/strong><strong>261 846 160.<\/strong><\/p>\n<p><strong>Zastrzegamy sobie mo\u017cliwo\u015b\u0107 kontaktu z wybranymi kandydatami.<\/strong><\/p>\n<p><strong>W aplikacji prosimy umie\u015bci\u0107 nast\u0119puj\u0105c\u0105 klauzul\u0119:<\/strong><\/p>\n<p><span style=\"color: #ff0000;\"><strong><em>Wyra\u017cam zgod\u0119 na przetwarzanie moich danych osobowych dla potrzeb niezb\u0119dnych do realizacji procesu rekrutacji zgodnie z Rozporz\u0105dzeniem Parlamentu Europejskiego i Rady (UE) 2016\/679 z dnia 27 kwietnia 2016 r. w sprawie ochrony os\u00f3b fizycznych w zwi\u0105zku z przetwarzaniem danych osobowych i w sprawie swobodnego przep\u0142ywu takich danych oraz uchylenia dyrektywy 95\/46\/WE (RODO).<\/em><\/strong><\/span><\/p>\n<hr style=\"height: 3px; background-color: #aaa; border: none;\" \/>[\/et_pb_text][et_pb_text _builder_version=&#8221;4.27.5&#8243; _module_preset=&#8221;default&#8221; global_colors_info=&#8221;{}&#8221;]<\/p>\n<p><strong><\/strong><\/p>\n<p><strong>Zesp\u00f3\u0142 Medyczny WCKiK SPZOZ w Warszawie <\/strong>zatrudni osob\u0119 na stanowisko Kierownika\/ Kierowniczki Pracowni Biologii Molekularnej.<\/p>\n<p><strong>Wymagania:<\/strong><\/p>\n<ul>\n<li>wykszta\u0142cenie wy\u017csze kierunkowe<\/li>\n<li>tytu\u0142 specjalisty w dziedzinie laboratoryjnej transfuzjologii medycznej lub tytu\u0142 specjalisty w zakresie przydatnym do wykonywania czynno\u015bci w pracowni biologii molekularnej<\/li>\n<li>czynne prawo wykonywania zawodu diagnosty laboratoryjnego<\/li>\n<li>min. 5 letni sta\u017c pracy w zawodzie<\/li>\n<\/ul>\n<p><strong>Oferujemy:<\/strong><\/p>\n<ul>\n<li>stawka wynagrodzenia zasadniczego 10555,00 z\u0142 + dodatek funkcyjny 10%<\/li>\n<li>zatrudnienie w ramach umowy o prac\u0119 w pe\u0142nym wymiarze w godz. 7.30-15.05<\/li>\n<li>dodatek sta\u017cowy uzale\u017cniony od wys\u0142ugi lat pracy od 5 do 20%<\/li>\n<li>\u015bwiadczenia socjalne z ZF\u015aS<\/li>\n<li>mo\u017cliwo\u015b\u0107 skorzystania z ubezpieczenia grupowego.<\/li>\n<\/ul>\n<hr style=\"height: 3px; background-color: #aaa; border: none;\" \/>\n<p><strong>TS WCKiK SPZOZ w E\u0142ku <\/strong>zatrudni osob\u0119 posiadaj\u0105c\u0105 aktualne PWZDL do Pracowni Preparatyki Krwi z Ekspedycj\u0105<\/p>\n<p><strong>G\u0142\u00f3wne obowi\u0105zki:<\/strong><\/p>\n<ul>\n<li>wykonywanie preparatyki krwi i jej sk\u0142adnik\u00f3w pobranych stacjonarnie oraz na ekipach wyjazdowych, wed\u0142ug obowi\u0105zuj\u0105cych procedur<\/li>\n<li>wykonywanie czynno\u015bci zwi\u0105zanych z procesem mro\u017cenia osocza<\/li>\n<li>wyszukiwanie sk\u0142adnik\u00f3w krwi po karencji<\/li>\n<li>udzia\u0142 w zwalnianiu otrzymanych sk\u0142adnik\u00f3w krwi do u\u017cytku klinicznego<\/li>\n<li>udzia\u0142 w dyskwalifikacji i przekazywaniu do zniszczenia sk\u0142adnik\u00f3w krwi<\/li>\n<\/ul>\n<p><strong>Wymagania:<\/strong><\/p>\n<ul>\n<li>wykszta\u0142cenie wy\u017csze kierunkowe<\/li>\n<li>czynne prawo wykonywania zawodu diagnosty laboratoryjnego<\/li>\n<li>znajomo\u015b\u0107 pakietu MS Office<\/li>\n<\/ul>\n<p><strong>Oferujemy:<\/strong><\/p>\n<ul>\n<li>stawka wynagrodzenia zasadniczego uzale\u017cniona od posiadanego do\u015bwiadczenia i wykszta\u0142cenia od 8346,00 do 10555,00 z\u0142<\/li>\n<li>zatrudnienie w ramach umowy o prac\u0119 w pe\u0142nym wymiarze w godz. 7.30-15.05<\/li>\n<li>dodatek sta\u017cowy uzale\u017cniony od wys\u0142ugi lat pracy od 5 do 20%<\/li>\n<li>\u015bwiadczenia socjalne z ZF\u015aS<\/li>\n<li>mo\u017cliwo\u015b\u0107 skorzystania z ubezpieczenia grupowego.<\/li>\n<\/ul>\n<hr style=\"height: 3px; background-color: #aaa; border: none;\" \/>\n<p><strong>WCKiK SPZOZ w Warszawie <\/strong>zatrudni lekarza\/lekark\u0119 do kwalifikacji kandydat\u00f3w na dawc\u00f3w krwi i jej sk\u0142adnik\u00f3w pe\u0142ni\u0105cego jednocze\u015bnie obowi\u0105zki Kierownika\/Kierowniczki Dzia\u0142u Pobierania Krwi i Jej Sk\u0142adnik\u00f3w.<\/p>\n<p><strong>G\u0142\u00f3wne obowi\u0105zki:<\/strong><\/p>\n<ul>\n<li>nadz\u00f3r nad funkcjonowaniem Dzia\u0142u Pobierania Krwi i Jej Sk\u0142adnik\u00f3w<\/li>\n<li>badanie i kwalifikacja lekarska dawc\u00f3w do oddania krwi w warunkach stacjonarnych i ekipowych zgodnie z obowi\u0105zuj\u0105cymi procedurami<\/li>\n<li>udzielanie pomocy lekarskiej w przypadku wyst\u0105pienia powik\u0142a\u0144 zwi\u0105zanych z oddawaniem krwi<\/li>\n<li>prowadzenie dokumentacji i nadz\u00f3r nad ni\u0105 zgodnie z obowi\u0105zuj\u0105cymi procedurami<\/li>\n<\/ul>\n<p><strong>Wymagania:<\/strong><\/p>\n<ul>\n<li>prawo wykonywania zawodu lekarza<\/li>\n<li>5 letni sta\u017c pracy<\/li>\n<li>mile widziana znajomo\u015b\u0107 zasad funkcjonowania komputerowego Banku Krwi<\/li>\n<\/ul>\n<p><strong>Oferujemy:<\/strong><\/p>\n<ul>\n<li>warunki finansowe do indywidualnego uzgodnienia<\/li>\n<li>zatrudnienie w ramach umowy o prac\u0119 w pe\u0142nym wymiarze w godz. 7.30-15.05<\/li>\n<li>dodatek sta\u017cowy uzale\u017cniony od wys\u0142ugi lat pracy od 5 do 20%<\/li>\n<li>\u015bwiadczenia socjalne z ZF\u015aS<\/li>\n<li>mo\u017cliwo\u015b\u0107 skorzystania z ubezpieczenia grupowego<\/li>\n<\/ul>\n<hr style=\"height: 3px; background-color: #aaa; border: none;\" \/>\n<p><strong>WCKiK SPZOZ w Warszawie\u00a0<\/strong>zatrudni od kwietnia 2026 r. lekarzy\/lekarki do kwalifikacji kandydat\u00f3w na dawc\u00f3w krwi i jej sk\u0142adnik\u00f3w do nowo otwieranego punktu krwiodawstwa znajduj\u0105cego si\u0119 na terenie Wojskowej Akademii Technicznej w Warszawie.<br \/>Warunki finansowe i forma zatrudnienia do indywidualnego uzgodnienia.<\/p>\n<p><strong>G\u0142\u00f3wne obowi\u0105zki:<\/strong><\/p>\n<ul>\n<li>badanie i kwalifikacja lekarska dawc\u00f3w do oddania krwi w warunkach stacjonarnych i ekipowych zgodnie z obowi\u0105zuj\u0105cymi procedurami<\/li>\n<li>udzielanie pomocy lekarskiej w przypadku wyst\u0105pienia powik\u0142a\u0144 zwi\u0105zanych z oddawaniem krwi<\/li>\n<li>prowadzenie dokumentacji i nadz\u00f3r nad ni\u0105 zgodnie z obowi\u0105zuj\u0105cymi procedurami<\/li>\n<\/ul>\n<p><strong>Wymagania:<\/strong><\/p>\n<ul>\n<li>prawo wykonywania zawodu lekarza<\/li>\n<li>mile widziana znajomo\u015b\u0107 zasad funkcjonowania komputerowego Banku Krwi<\/li>\n<\/ul>\n<hr style=\"height: 3px; background-color: #aaa; border: none;\" \/>\n<p><strong>TS WCKiK SPZOZ w Krakowie <\/strong>zatrudni osob\u0119 posiadaj\u0105c\u0105 aktualne PWZDL do Pracowni Kontroli Jako\u015bci.<\/p>\n<p><strong>G\u0142\u00f3wne obowi\u0105zki:<\/strong><\/p>\n<ul>\n<li>zwalnianie krwi i jej sk\u0142adnik\u00f3w do u\u017cytku klinicznego, \u015brodk\u00f3w jednorazowego u\u017cytku w oparciu o obowi\u0105zuj\u0105ce przepisy i standardowe procedury operacyjne<\/li>\n<li>wykonywanie bada\u0144 w zakresie kontroli jako\u015bci sk\u0142adnik\u00f3w krwi<\/li>\n<li>nadz\u00f3r nad przegl\u0105dami i dopuszczaniem do u\u017cytku sprz\u0119tu i aparatury medycznej<\/li>\n<li>wykonywanie bada\u0144 na potrzeby walidacji proces\u00f3w<\/li>\n<li>nadz\u00f3r nad dokumentacj\u0105 medyczna<\/li>\n<\/ul>\n<p><strong>Wymagania:<\/strong><\/p>\n<ul>\n<li>dyplom magistra na kierunku biologia, chemia lub na innych kierunkach kszta\u0142cenia w\u0142a\u015bciwych dla dziedzin nauk biologicznych, medycznych, farmaceutycznych i nauk o zdrowiu<\/li>\n<li>mile widziane posiadanie specjalizacji<\/li>\n<li>prawo wykonywania zawodu diagnosty laboratoryjnego<\/li>\n<li>znajomo\u015b\u0107 pakietu MS Office<\/li>\n<\/ul>\n<p><strong>Oferujemy:<\/strong><\/p>\n<ul>\n<li>stawka wynagrodzenia zasadniczego uzale\u017cniona od posiadanego do\u015bwiadczenia i wykszta\u0142cenia<\/li>\n<li>od 8346,00 do 10555,00 z\u0142<\/li>\n<li>zatrudnienie w ramach umowy o prac\u0119 w pe\u0142nym wymiarze w godz. 7.30-15.05<\/li>\n<li>dodatek sta\u017cowy uzale\u017cniony od wys\u0142ugi lat pracy od 5 do 20%<\/li>\n<li>\u015bwiadczenia socjalne z ZF\u015aS<\/li>\n<li>mo\u017cliwo\u015b\u0107 skorzystania z ubezpieczenia grupowego<\/li>\n<\/ul>\n<hr style=\"height: 3px; background-color: #aaa; border: none;\" \/>\n<p><strong>TS WCKiK SPZOZ w Gda\u0144sku <\/strong>zatrudni osob\u0119 posiadaj\u0105c\u0105 aktualne PWZDL do Pracowni Kontroli Jako\u015bci.<\/p>\n<p><strong>G\u0142\u00f3wne obowi\u0105zki:<\/strong><\/p>\n<ul>\n<li>zwalnianie krwi i jej sk\u0142adnik\u00f3w do u\u017cytku klinicznego, \u015brodk\u00f3w jednorazowego u\u017cytku w oparciu o obowi\u0105zuj\u0105ce przepisy i standardowe procedury operacyjne<\/li>\n<li>wykonywanie bada\u0144 w zakresie kontroli jako\u015bci sk\u0142adnik\u00f3w krwi<\/li>\n<li>nadz\u00f3r nad przegl\u0105dami i dopuszczaniem do u\u017cytku sprz\u0119tu i aparatury medycznej<\/li>\n<li>wykonywanie bada\u0144 na potrzeby walidacji proces\u00f3w<\/li>\n<li>nadz\u00f3r nad dokumentacj\u0105 medyczna<\/li>\n<\/ul>\n<p><strong>Wymagania:<\/strong><\/p>\n<ul>\n<li>dyplom magistra na kierunku biologia, chemia lub na innych kierunkach kszta\u0142cenia w\u0142a\u015bciwych dla dziedzin nauk biologicznych, medycznych, farmaceutycznych i nauk o zdrowiu<\/li>\n<li>mile widziane posiadanie specjalizacji<\/li>\n<li>prawo wykonywania zawodu diagnosty laboratoryjnego<\/li>\n<li>znajomo\u015b\u0107 pakietu MS Office<\/li>\n<\/ul>\n<p><strong>Oferujemy:<\/strong><\/p>\n<ul>\n<li>stawka wynagrodzenia zasadniczego uzale\u017cniona od posiadanego do\u015bwiadczenia i kwalifikacji od 8346,00 do 10555,00 z\u0142<\/li>\n<li>zatrudnienie w ramach umowy o prac\u0119 w pe\u0142nym wymiarze w godz. 7.30-15.05<\/li>\n<li>dodatek sta\u017cowy uzale\u017cniony od wys\u0142ugi lat pracy od 5 do 20%<\/li>\n<li>\u015bwiadczenia socjalne z ZF\u015aS<\/li>\n<li>mo\u017cliwo\u015b\u0107 skorzystania z ubezpieczenia grupowego.<\/li>\n<\/ul>\n<hr style=\"height: 3px; background-color: #aaa; border: none;\" \/>\n<p><strong>WCKiK SPZOZ w Warszawie <\/strong>zatrudni piel\u0119gniark\u0119 \/ piel\u0119gniarza lub ratownika medycznego \/ratowniczk\u0119 medyczn\u0105 do pobierania krwi i jej sk\u0142adnik\u00f3w od dawc\u00f3w w siedzibie oraz podczas akcji wyjazdowych.<\/p>\n<p><strong>G\u0142\u00f3wne obowi\u0105zki:<\/strong><\/p>\n<ul>\n<li>pobieranie krwi i jej sk\u0142adnik\u00f3w od dawc\u00f3w zgodnie z obowi\u0105zuj\u0105cymi procedurami<\/li>\n<li>obs\u0142uga sprz\u0119tu medycznego wykorzystywanego podczas poboru<\/li>\n<li>zapewnienie bezpiecze\u0144stwa i komfortu dawc\u00f3w podczas poboru<\/li>\n<li>udzia\u0142 w mobilnych akcjach krwiodawstwa (wyjazdy terenowe)<\/li>\n<\/ul>\n<p><strong>Wymagania:<\/strong><\/p>\n<ul>\n<li>wykszta\u0142cenie kierunkowe: dyplom piel\u0119gniarki \/ piel\u0119gniarza<\/li>\n<li>aktualne prawo wykonywania zawodu<\/li>\n<li>\u015bwiadectwo potwierdzaj\u0105ce kwalifikacje w zawodzie ratownika medycznego<\/li>\n<li>do\u015bwiadczenie w zawodzie (mile widziane do\u015bwiadczenie w krwiodawstwie)<\/li>\n<li>umiej\u0119tno\u015b\u0107 pracy zespo\u0142owej, empatia i wysoka kultura osobista<\/li>\n<li>gotowo\u015b\u0107 do pracy w terenie (mobilne akcje wyjazdowe)<\/li>\n<\/ul>\n<p><strong>Oferujemy:<\/strong><\/p>\n<ul>\n<li>stawka wynagrodzenia zasadniczego uzale\u017cniona od posiadanego do\u015bwiadczenia i wykszta\u0142cenia od 7691,00 do 8346,00 z\u0142<\/li>\n<li>zatrudnienie w ramach umowy o prac\u0119 w pe\u0142nym wymiarze w godz. 7.30-15.05<\/li>\n<li>dodatek sta\u017cowy uzale\u017cniony od wys\u0142ugi lat pracy od 5 do 20%<\/li>\n<li>\u015bwiadczenia socjalne z ZF\u015aS<\/li>\n<li>mo\u017cliwo\u015b\u0107 skorzystania z ubezpieczenia grupowego.<\/li>\n<\/ul>\n<hr style=\"height: 3px; background-color: #aaa; border: none;\" \/>\n<p><strong>WCKiK SPZOZ w Warszawie <\/strong>zatrudni osob\u0119 posiadaj\u0105c\u0105 aktualne PWZDL do Dzia\u0142u Zapewnienia Jako\u015bci<\/p>\n<p><strong>G\u0142\u00f3wne obowi\u0105zki:<\/strong><\/p>\n<ul>\n<li>zwalnianie krwi i jej sk\u0142adnik\u00f3w do u\u017cytku klinicznego, \u015brodk\u00f3w jednorazowego u\u017cytku w oparciu o obowi\u0105zuj\u0105ce przepisy i standardowe procedury operacyjne<\/li>\n<li>wykonywanie bada\u0144 w zakresie kontroli jako\u015bci sk\u0142adnik\u00f3w krwi<\/li>\n<li>nadz\u00f3r nad przegl\u0105dami i dopuszczaniem do u\u017cytku sprz\u0119tu i aparatury medycznej<\/li>\n<li>wykonywanie bada\u0144 na potrzeby walidacji proces\u00f3w<\/li>\n<li>nadz\u00f3r nad dokumentacj\u0105 medyczna<\/li>\n<\/ul>\n<p><strong>Wymagania:<\/strong><\/p>\n<ul>\n<li>dyplom magistra na kierunku biologia, chemia lub na innych kierunkach kszta\u0142cenia w\u0142a\u015bciwych dla dziedzin nauk biologicznych, medycznych, farmaceutycznych i nauk o zdrowiu<\/li>\n<li>prawo wykonywania zawodu diagnosty laboratoryjnego<\/li>\n<li>znajomo\u015b\u0107 pakietu MS Office<\/li>\n<\/ul>\n<p><strong>Oferujemy:<\/strong><\/p>\n<ul>\n<li>stawka wynagrodzenia zasadniczego uzale\u017cniona od posiadanego do\u015bwiadczenia i wykszta\u0142cenia od 8346,00 do 10555,00 z\u0142<\/li>\n<li>zatrudnienie w ramach umowy o prac\u0119 w pe\u0142nym wymiarze w godz. 7.30-15.05<\/li>\n<li>dodatek sta\u017cowy uzale\u017cniony od wys\u0142ugi lat pracy od 5 do 20%<\/li>\n<li>\u015bwiadczenia socjalne z ZF\u015aS<\/li>\n<li>mo\u017cliwo\u015b\u0107 skorzystania z ubezpieczenia grupowego.<\/li>\n<\/ul>\n<hr style=\"height: 3px; background-color: #aaa; border: none;\" \/>\n<p><strong>Terenowa Stacja WCKiK SPZOZ w E\u0142ku<\/strong>\u00a0zatrudni lekarza\/lekark\u0119 do kwalifikacji kandydat\u00f3w na dawc\u00f3w krwi i jej sk\u0142adnik\u00f3w<\/p>\n<p>Warunki finansowe i forma zatrudnienia do indywidualnego uzgodnienia.<\/p>\n<p><strong>G\u0142\u00f3wne obowi\u0105zki:<\/strong><\/p>\n<ul>\n<li>badanie i kwalifikacja lekarska dawc\u00f3w do oddania krwi w warunkach stacjonarnych i ekipowych zgodnie z obowi\u0105zuj\u0105cymi procedurami<\/li>\n<li>udzielanie pomocy lekarskiej w przypadku wyst\u0105pienia powik\u0142a\u0144 zwi\u0105zanych z oddawaniem krwi<\/li>\n<li>prowadzenie dokumentacji i nadz\u00f3r nad ni\u0105 zgodnie z obowi\u0105zuj\u0105cymi procedurami<\/li>\n<\/ul>\n<p><strong>Wymagania:<\/strong><\/p>\n<ul>\n<li>prawo wykonywania zawodu lekarza<\/li>\n<li>mile widziana znajomo\u015b\u0107 zasad funkcjonowania komputerowego Banku Krwi<\/li>\n<\/ul>\n<p><strong>Oferujemy:<\/strong><\/p>\n<ul>\n<li>dodatek sta\u017cowy uzale\u017cniony od wys\u0142ugi lat pracy od 5 do 20%<\/li>\n<li>\u015bwiadczenia socjalne z ZF\u015aS<\/li>\n<li>mo\u017cliwo\u015b\u0107 skorzystania z ubezpieczenia grupowego.<\/li>\n<\/ul>\n<hr style=\"height: 3px; background-color: #aaa; border: none;\" \/>[\/et_pb_text][\/et_pb_column][\/et_pb_row][\/et_pb_section]<\/p>\n","protected":false},"excerpt":{"rendered":"<p>Oferty pracy: Osoby zainteresowane prosimy o sk\u0142adanie aplikacji na adres:\u00a0kadry@wckik.pl\u00a0lub kontakt telefoniczny261 846 160. Zastrzegamy sobie mo\u017cliwo\u015b\u0107 kontaktu z wybranymi kandydatami. W aplikacji prosimy umie\u015bci\u0107 nast\u0119puj\u0105c\u0105 klauzul\u0119: Wyra\u017cam zgod\u0119 na [&hellip;]<\/p>\n","protected":false},"author":1,"featured_media":0,"parent":0,"menu_order":0,"comment_status":"closed","ping_status":"closed","template":"","meta":{"_et_pb_use_builder":"on","_et_pb_old_content":"","_et_gb_content_width":"","ngg_post_thumbnail":0,"footnotes":""},"class_list":["post-9123","page","type-page","status-publish","hentry"],"yoast_head":"<!-- This site is optimized with the Yoast SEO plugin v27.5 - https:\/\/yoast.com\/product\/yoast-seo-wordpress\/ -->\n<title>Oferty Pracy - WCKiK<\/title>\n<meta name=\"robots\" content=\"index, follow, max-snippet:-1, max-image-preview:large, max-video-preview:-1\" \/>\n<link rel=\"canonical\" href=\"https:\/\/wckik.pl\/wp\/oferty-pracy\/\" \/>\n<meta property=\"og:locale\" content=\"pl_PL\" \/>\n<meta property=\"og:type\" content=\"article\" \/>\n<meta property=\"og:title\" content=\"Oferty Pracy - WCKiK\" \/>\n<meta property=\"og:description\" content=\"Oferty pracy: Osoby zainteresowane prosimy o sk\u0142adanie aplikacji na adres:\u00a0kadry@wckik.pl\u00a0lub kontakt telefoniczny261 846 160. Zastrzegamy sobie mo\u017cliwo\u015b\u0107 kontaktu z wybranymi kandydatami. W aplikacji prosimy umie\u015bci\u0107 nast\u0119puj\u0105c\u0105 klauzul\u0119: Wyra\u017cam zgod\u0119 na [&hellip;]\" \/>\n<meta property=\"og:url\" content=\"https:\/\/wckik.pl\/wp\/oferty-pracy\/\" \/>\n<meta property=\"og:site_name\" content=\"WCKiK\" \/>\n<meta property=\"article:publisher\" content=\"https:\/\/www.facebook.com\/wckikspzoz\/?locale=pl_PL\" \/>\n<meta property=\"article:modified_time\" content=\"2026-05-05T10:52:10+00:00\" \/>\n<meta name=\"twitter:card\" content=\"summary_large_image\" \/>\n<meta name=\"twitter:site\" content=\"@WCKiK_SPZOZ\" \/>\n<meta name=\"twitter:label1\" content=\"Szacowany czas czytania\" \/>\n\t<meta name=\"twitter:data1\" content=\"8 minut\" \/>\n<script type=\"application\/ld+json\" class=\"yoast-schema-graph\">{\"@context\":\"https:\\\/\\\/schema.org\",\"@graph\":[{\"@type\":\"WebPage\",\"@id\":\"https:\\\/\\\/wckik.pl\\\/wp\\\/oferty-pracy\\\/\",\"url\":\"https:\\\/\\\/wckik.pl\\\/wp\\\/oferty-pracy\\\/\",\"name\":\"Oferty Pracy - WCKiK\",\"isPartOf\":{\"@id\":\"https:\\\/\\\/wckik.pl\\\/wp\\\/#website\"},\"datePublished\":\"2026-04-20T12:54:21+00:00\",\"dateModified\":\"2026-05-05T10:52:10+00:00\",\"breadcrumb\":{\"@id\":\"https:\\\/\\\/wckik.pl\\\/wp\\\/oferty-pracy\\\/#breadcrumb\"},\"inLanguage\":\"pl-PL\",\"potentialAction\":[{\"@type\":\"ReadAction\",\"target\":[\"https:\\\/\\\/wckik.pl\\\/wp\\\/oferty-pracy\\\/\"]}]},{\"@type\":\"BreadcrumbList\",\"@id\":\"https:\\\/\\\/wckik.pl\\\/wp\\\/oferty-pracy\\\/#breadcrumb\",\"itemListElement\":[{\"@type\":\"ListItem\",\"position\":1,\"name\":\"Strona g\u0142\u00f3wna\",\"item\":\"https:\\\/\\\/wckik.pl\\\/wp\\\/\"},{\"@type\":\"ListItem\",\"position\":2,\"name\":\"Oferty Pracy\"}]},{\"@type\":\"WebSite\",\"@id\":\"https:\\\/\\\/wckik.pl\\\/wp\\\/#website\",\"url\":\"https:\\\/\\\/wckik.pl\\\/wp\\\/\",\"name\":\"WCKiK\",\"description\":\"Wojskowe Centrum Krwiodawstwa i Krwiolecznictwa SPZOZ\",\"publisher\":{\"@id\":\"https:\\\/\\\/wckik.pl\\\/wp\\\/#organization\"},\"potentialAction\":[{\"@type\":\"SearchAction\",\"target\":{\"@type\":\"EntryPoint\",\"urlTemplate\":\"https:\\\/\\\/wckik.pl\\\/wp\\\/?s={search_term_string}\"},\"query-input\":{\"@type\":\"PropertyValueSpecification\",\"valueRequired\":true,\"valueName\":\"search_term_string\"}}],\"inLanguage\":\"pl-PL\"},{\"@type\":\"Organization\",\"@id\":\"https:\\\/\\\/wckik.pl\\\/wp\\\/#organization\",\"name\":\"WCKiK\",\"url\":\"https:\\\/\\\/wckik.pl\\\/wp\\\/\",\"logo\":{\"@type\":\"ImageObject\",\"inLanguage\":\"pl-PL\",\"@id\":\"https:\\\/\\\/wckik.pl\\\/wp\\\/#\\\/schema\\\/logo\\\/image\\\/\",\"url\":\"https:\\\/\\\/i0.wp.com\\\/wckik.pl\\\/wp\\\/wp-content\\\/uploads\\\/2019\\\/05\\\/cropped-WCKIK_logo-1.jpg?fit=479%2C495&ssl=1\",\"contentUrl\":\"https:\\\/\\\/i0.wp.com\\\/wckik.pl\\\/wp\\\/wp-content\\\/uploads\\\/2019\\\/05\\\/cropped-WCKIK_logo-1.jpg?fit=479%2C495&ssl=1\",\"width\":479,\"height\":495,\"caption\":\"WCKiK\"},\"image\":{\"@id\":\"https:\\\/\\\/wckik.pl\\\/wp\\\/#\\\/schema\\\/logo\\\/image\\\/\"},\"sameAs\":[\"https:\\\/\\\/www.facebook.com\\\/wckikspzoz\\\/?locale=pl_PL\",\"https:\\\/\\\/x.com\\\/WCKiK_SPZOZ\"]}]}<\/script>\n<!-- \/ Yoast SEO plugin. -->","yoast_head_json":{"title":"Oferty Pracy - WCKiK","robots":{"index":"index","follow":"follow","max-snippet":"max-snippet:-1","max-image-preview":"max-image-preview:large","max-video-preview":"max-video-preview:-1"},"canonical":"https:\/\/wckik.pl\/wp\/oferty-pracy\/","og_locale":"pl_PL","og_type":"article","og_title":"Oferty Pracy - WCKiK","og_description":"Oferty pracy: Osoby zainteresowane prosimy o sk\u0142adanie aplikacji na adres:\u00a0kadry@wckik.pl\u00a0lub kontakt telefoniczny261 846 160. Zastrzegamy sobie mo\u017cliwo\u015b\u0107 kontaktu z wybranymi kandydatami. W aplikacji prosimy umie\u015bci\u0107 nast\u0119puj\u0105c\u0105 klauzul\u0119: Wyra\u017cam zgod\u0119 na [&hellip;]","og_url":"https:\/\/wckik.pl\/wp\/oferty-pracy\/","og_site_name":"WCKiK","article_publisher":"https:\/\/www.facebook.com\/wckikspzoz\/?locale=pl_PL","article_modified_time":"2026-05-05T10:52:10+00:00","twitter_card":"summary_large_image","twitter_site":"@WCKiK_SPZOZ","twitter_misc":{"Szacowany czas czytania":"8 minut"},"schema":{"@context":"https:\/\/schema.org","@graph":[{"@type":"WebPage","@id":"https:\/\/wckik.pl\/wp\/oferty-pracy\/","url":"https:\/\/wckik.pl\/wp\/oferty-pracy\/","name":"Oferty Pracy - WCKiK","isPartOf":{"@id":"https:\/\/wckik.pl\/wp\/#website"},"datePublished":"2026-04-20T12:54:21+00:00","dateModified":"2026-05-05T10:52:10+00:00","breadcrumb":{"@id":"https:\/\/wckik.pl\/wp\/oferty-pracy\/#breadcrumb"},"inLanguage":"pl-PL","potentialAction":[{"@type":"ReadAction","target":["https:\/\/wckik.pl\/wp\/oferty-pracy\/"]}]},{"@type":"BreadcrumbList","@id":"https:\/\/wckik.pl\/wp\/oferty-pracy\/#breadcrumb","itemListElement":[{"@type":"ListItem","position":1,"name":"Strona g\u0142\u00f3wna","item":"https:\/\/wckik.pl\/wp\/"},{"@type":"ListItem","position":2,"name":"Oferty Pracy"}]},{"@type":"WebSite","@id":"https:\/\/wckik.pl\/wp\/#website","url":"https:\/\/wckik.pl\/wp\/","name":"WCKiK","description":"Wojskowe Centrum Krwiodawstwa i Krwiolecznictwa SPZOZ","publisher":{"@id":"https:\/\/wckik.pl\/wp\/#organization"},"potentialAction":[{"@type":"SearchAction","target":{"@type":"EntryPoint","urlTemplate":"https:\/\/wckik.pl\/wp\/?s={search_term_string}"},"query-input":{"@type":"PropertyValueSpecification","valueRequired":true,"valueName":"search_term_string"}}],"inLanguage":"pl-PL"},{"@type":"Organization","@id":"https:\/\/wckik.pl\/wp\/#organization","name":"WCKiK","url":"https:\/\/wckik.pl\/wp\/","logo":{"@type":"ImageObject","inLanguage":"pl-PL","@id":"https:\/\/wckik.pl\/wp\/#\/schema\/logo\/image\/","url":"https:\/\/i0.wp.com\/wckik.pl\/wp\/wp-content\/uploads\/2019\/05\/cropped-WCKIK_logo-1.jpg?fit=479%2C495&ssl=1","contentUrl":"https:\/\/i0.wp.com\/wckik.pl\/wp\/wp-content\/uploads\/2019\/05\/cropped-WCKIK_logo-1.jpg?fit=479%2C495&ssl=1","width":479,"height":495,"caption":"WCKiK"},"image":{"@id":"https:\/\/wckik.pl\/wp\/#\/schema\/logo\/image\/"},"sameAs":["https:\/\/www.facebook.com\/wckikspzoz\/?locale=pl_PL","https:\/\/x.com\/WCKiK_SPZOZ"]}]}},"_links":{"self":[{"href":"https:\/\/wckik.pl\/wp\/wp-json\/wp\/v2\/pages\/9123","targetHints":{"allow":["GET"]}}],"collection":[{"href":"https:\/\/wckik.pl\/wp\/wp-json\/wp\/v2\/pages"}],"about":[{"href":"https:\/\/wckik.pl\/wp\/wp-json\/wp\/v2\/types\/page"}],"author":[{"embeddable":true,"href":"https:\/\/wckik.pl\/wp\/wp-json\/wp\/v2\/users\/1"}],"replies":[{"embeddable":true,"href":"https:\/\/wckik.pl\/wp\/wp-json\/wp\/v2\/comments?post=9123"}],"version-history":[{"count":12,"href":"https:\/\/wckik.pl\/wp\/wp-json\/wp\/v2\/pages\/9123\/revisions"}],"predecessor-version":[{"id":9496,"href":"https:\/\/wckik.pl\/wp\/wp-json\/wp\/v2\/pages\/9123\/revisions\/9496"}],"wp:attachment":[{"href":"https:\/\/wckik.pl\/wp\/wp-json\/wp\/v2\/media?parent=9123"}],"curies":[{"name":"wp","href":"https:\/\/api.w.org\/{rel}","templated":true}]}}