{"id":9155,"date":"2026-04-20T15:16:10","date_gmt":"2026-04-20T13:16:10","guid":{"rendered":"https:\/\/wckik.pl\/wp\/?page_id=9155"},"modified":"2026-04-21T13:20:29","modified_gmt":"2026-04-21T11:20:29","slug":"konkursy-ofert","status":"publish","type":"page","link":"https:\/\/wckik.pl\/wp\/konkursy-ofert\/","title":{"rendered":"Konkursy ofert"},"content":{"rendered":"<p>[et_pb_section fb_built=&#8221;1&#8243; _builder_version=&#8221;4.27.5&#8243; _module_preset=&#8221;default&#8221; global_colors_info=&#8221;{}&#8221;][et_pb_row column_structure=&#8221;1_4,3_4&#8243; admin_label=&#8221;Wiersz&#8221; _builder_version=&#8221;4.27.5&#8243; _module_preset=&#8221;default&#8221; max_width=&#8221;1345px&#8221; custom_margin=&#8221;|15%||auto|false|false&#8221; custom_padding=&#8221;||||false|false&#8221; hover_enabled=&#8221;0&#8243; global_colors_info=&#8221;{}&#8221; sticky_enabled=&#8221;0&#8243;][et_pb_column type=&#8221;1_4&#8243; _builder_version=&#8221;4.27.5&#8243; _module_preset=&#8221;default&#8221; global_colors_info=&#8221;{}&#8221;][et_pb_menu menu_id=&#8221;21&#8243; logo_width=&#8221;100%&#8221; cart_icon_font_size=&#8221;120px&#8221; search_icon_font_size=&#8221;120px&#8221; menu_icon_font_size=&#8221;120px&#8221; _builder_version=&#8221;4.27.5&#8243; _module_preset=&#8221;default&#8221; menu_font_size=&#8221;16px&#8221; menu_line_height=&#8221;1.3em&#8221; custom_margin=&#8221;35%|21%|||false|false&#8221; custom_padding=&#8221;||||false|false&#8221; scroll_vertical_motion=&#8221;0|50|50|100|1|0|3&#8243; hover_enabled=&#8221;0&#8243; global_colors_info=&#8221;{}&#8221; theme_builder_area=&#8221;post_content&#8221; sticky_enabled=&#8221;0&#8243;][\/et_pb_menu][\/et_pb_column][et_pb_column type=&#8221;3_4&#8243; _builder_version=&#8221;4.27.5&#8243; _module_preset=&#8221;default&#8221; global_colors_info=&#8221;{}&#8221;][et_pb_text admin_label=&#8221;Tekst&#8221; _builder_version=&#8221;4.27.5&#8243; _module_preset=&#8221;default&#8221; global_colors_info=&#8221;{}&#8221;]<\/p>\n<h2><em><strong>Konkursy ofert<\/strong><\/em><\/h2>\n<p>[\/et_pb_text][et_pb_text _builder_version=&#8221;4.27.5&#8243; _module_preset=&#8221;default&#8221; global_colors_info=&#8221;{}&#8221;]<\/p>\n<h2>Zam\u00f3wienia na \u015bwiadczenia zdrowotne.<\/h2>\n<h3>2026r.:<\/h3>\n<ul>\n<li>Marzec:\n<ul>\n<li><a href=\"https:\/\/platformazakupowa.pl\/transakcja\/1274844\">2\/ZO\/SPIZ\/2026<\/a> &#8211; Badania bakteriologiczne dla TS w E\u0142ku.<\/li>\n<li><a href=\"https:\/\/platformazakupowa.pl\/transakcja\/1277539\">3\/ZO\/SPIZ\/2026<\/a>\u00a0&#8211; Badania biochemiczne dla TS w E\u0142ku.<\/li>\n<\/ul>\n<\/li>\n<li>Luty:\n<ul>\n<li><a href=\"https:\/\/platformazakupowa.pl\/transakcja\/1263263\">1\/KO\/2026<\/a> \u2013 \u015awiadczenie us\u0142ug medycznych przez lekarza obejmuj\u0105cych badanie i kwalifikacj\u0119 lekarsk\u0105 kandydat\u00f3w na dawc\u00f3w krwi lub dawc\u00f3w krwi i jej sk\u0142adnik\u00f3w oraz nadzorowanie poboru krwi w warunkach stacjonarnych i ekipowych w wymiarze do 90 godzin w miesi\u0105cu wed\u0142ug przedstawionego z dwutygodniowym wyprzedzeniem, co miesi\u0119cznego grafiku w Zespole Medycznym WCKiK w Warszawie w dni robocze, dni \u015bwi\u0105teczne i dni ustawowo wolne od pracy.<\/li>\n<li><a href=\"https:\/\/platformazakupowa.pl\/transakcja\/1265397\">2\/KO\/SPIZ\/2026<\/a> &#8211; Badania weryfikacyjne dla Zespo\u0142u Medycznego WCKIK SPZOZ w Warszawie<\/li>\n<\/ul>\n<\/li>\n<li>\u00a0Stycze\u0144:\n<ul>\n<li><a href=\"https:\/\/platformazakupowa.pl\/transakcja\/1253706\">1\/KO\/SPIZ\/2026<\/a> &#8211; Badania immunologii transfuzjologicznej dla TS we Wroc\u0142awiu. <a href=\"https:\/\/platformazakupowa.pl\/transakcja\/1253706\">Link.<\/a><\/li>\n<li><a href=\"https:\/\/platformazakupowa.pl\/transakcja\/1253760\">1\/ZO\/SPIZ\/2026<\/a> &#8211; Badania bakteriologiczne dla TS w Szczecinie. <a href=\"https:\/\/platformazakupowa.pl\/transakcja\/1253760\">Link.<\/a><\/li>\n<\/ul>\n<\/li>\n<\/ul>\n<ol><\/ol>\n<p>[\/et_pb_text][\/et_pb_column][\/et_pb_row][\/et_pb_section]<\/p>\n","protected":false},"excerpt":{"rendered":"<p>Konkursy ofertZam\u00f3wienia na \u015bwiadczenia zdrowotne. 2026r.: Marzec: 2\/ZO\/SPIZ\/2026 &#8211; Badania bakteriologiczne dla TS w E\u0142ku. 3\/ZO\/SPIZ\/2026\u00a0&#8211; Badania biochemiczne dla TS w E\u0142ku. Luty: 1\/KO\/2026 \u2013 \u015awiadczenie us\u0142ug medycznych przez lekarza [&hellip;]<\/p>\n","protected":false},"author":1,"featured_media":0,"parent":0,"menu_order":0,"comment_status":"closed","ping_status":"closed","template":"","meta":{"_et_pb_use_builder":"on","_et_pb_old_content":"","_et_gb_content_width":"","ngg_post_thumbnail":0,"footnotes":""},"class_list":["post-9155","page","type-page","status-publish","hentry"],"yoast_head":"<!-- This site is optimized with the Yoast SEO plugin v27.5 - https:\/\/yoast.com\/product\/yoast-seo-wordpress\/ -->\n<title>Konkursy ofert - WCKiK<\/title>\n<meta name=\"robots\" content=\"index, follow, max-snippet:-1, max-image-preview:large, max-video-preview:-1\" \/>\n<link rel=\"canonical\" href=\"https:\/\/wckik.pl\/wp\/konkursy-ofert\/\" \/>\n<meta property=\"og:locale\" content=\"pl_PL\" \/>\n<meta property=\"og:type\" content=\"article\" \/>\n<meta property=\"og:title\" content=\"Konkursy ofert - WCKiK\" \/>\n<meta property=\"og:description\" content=\"Konkursy ofertZam\u00f3wienia na \u015bwiadczenia zdrowotne. 2026r.: Marzec: 2\/ZO\/SPIZ\/2026 - Badania bakteriologiczne dla TS w E\u0142ku. 3\/ZO\/SPIZ\/2026\u00a0- Badania biochemiczne dla TS w E\u0142ku. Luty: 1\/KO\/2026 \u2013 \u015awiadczenie us\u0142ug medycznych przez lekarza [&hellip;]\" \/>\n<meta property=\"og:url\" content=\"https:\/\/wckik.pl\/wp\/konkursy-ofert\/\" \/>\n<meta property=\"og:site_name\" content=\"WCKiK\" \/>\n<meta property=\"article:publisher\" content=\"https:\/\/www.facebook.com\/wckikspzoz\/?locale=pl_PL\" \/>\n<meta property=\"article:modified_time\" content=\"2026-04-21T11:20:29+00:00\" \/>\n<meta name=\"twitter:card\" content=\"summary_large_image\" \/>\n<meta name=\"twitter:site\" content=\"@WCKiK_SPZOZ\" \/>\n<meta name=\"twitter:label1\" content=\"Szacowany czas czytania\" \/>\n\t<meta name=\"twitter:data1\" content=\"1 minuta\" \/>\n<script type=\"application\/ld+json\" class=\"yoast-schema-graph\">{\"@context\":\"https:\\\/\\\/schema.org\",\"@graph\":[{\"@type\":\"WebPage\",\"@id\":\"https:\\\/\\\/wckik.pl\\\/wp\\\/konkursy-ofert\\\/\",\"url\":\"https:\\\/\\\/wckik.pl\\\/wp\\\/konkursy-ofert\\\/\",\"name\":\"Konkursy ofert - WCKiK\",\"isPartOf\":{\"@id\":\"https:\\\/\\\/wckik.pl\\\/wp\\\/#website\"},\"datePublished\":\"2026-04-20T13:16:10+00:00\",\"dateModified\":\"2026-04-21T11:20:29+00:00\",\"breadcrumb\":{\"@id\":\"https:\\\/\\\/wckik.pl\\\/wp\\\/konkursy-ofert\\\/#breadcrumb\"},\"inLanguage\":\"pl-PL\",\"potentialAction\":[{\"@type\":\"ReadAction\",\"target\":[\"https:\\\/\\\/wckik.pl\\\/wp\\\/konkursy-ofert\\\/\"]}]},{\"@type\":\"BreadcrumbList\",\"@id\":\"https:\\\/\\\/wckik.pl\\\/wp\\\/konkursy-ofert\\\/#breadcrumb\",\"itemListElement\":[{\"@type\":\"ListItem\",\"position\":1,\"name\":\"Strona g\u0142\u00f3wna\",\"item\":\"https:\\\/\\\/wckik.pl\\\/wp\\\/\"},{\"@type\":\"ListItem\",\"position\":2,\"name\":\"Konkursy ofert\"}]},{\"@type\":\"WebSite\",\"@id\":\"https:\\\/\\\/wckik.pl\\\/wp\\\/#website\",\"url\":\"https:\\\/\\\/wckik.pl\\\/wp\\\/\",\"name\":\"WCKiK\",\"description\":\"Wojskowe Centrum Krwiodawstwa i Krwiolecznictwa SPZOZ\",\"publisher\":{\"@id\":\"https:\\\/\\\/wckik.pl\\\/wp\\\/#organization\"},\"potentialAction\":[{\"@type\":\"SearchAction\",\"target\":{\"@type\":\"EntryPoint\",\"urlTemplate\":\"https:\\\/\\\/wckik.pl\\\/wp\\\/?s={search_term_string}\"},\"query-input\":{\"@type\":\"PropertyValueSpecification\",\"valueRequired\":true,\"valueName\":\"search_term_string\"}}],\"inLanguage\":\"pl-PL\"},{\"@type\":\"Organization\",\"@id\":\"https:\\\/\\\/wckik.pl\\\/wp\\\/#organization\",\"name\":\"WCKiK\",\"url\":\"https:\\\/\\\/wckik.pl\\\/wp\\\/\",\"logo\":{\"@type\":\"ImageObject\",\"inLanguage\":\"pl-PL\",\"@id\":\"https:\\\/\\\/wckik.pl\\\/wp\\\/#\\\/schema\\\/logo\\\/image\\\/\",\"url\":\"https:\\\/\\\/i0.wp.com\\\/wckik.pl\\\/wp\\\/wp-content\\\/uploads\\\/2019\\\/05\\\/cropped-WCKIK_logo-1.jpg?fit=479%2C495&ssl=1\",\"contentUrl\":\"https:\\\/\\\/i0.wp.com\\\/wckik.pl\\\/wp\\\/wp-content\\\/uploads\\\/2019\\\/05\\\/cropped-WCKIK_logo-1.jpg?fit=479%2C495&ssl=1\",\"width\":479,\"height\":495,\"caption\":\"WCKiK\"},\"image\":{\"@id\":\"https:\\\/\\\/wckik.pl\\\/wp\\\/#\\\/schema\\\/logo\\\/image\\\/\"},\"sameAs\":[\"https:\\\/\\\/www.facebook.com\\\/wckikspzoz\\\/?locale=pl_PL\",\"https:\\\/\\\/x.com\\\/WCKiK_SPZOZ\"]}]}<\/script>\n<!-- \/ Yoast SEO plugin. -->","yoast_head_json":{"title":"Konkursy ofert - WCKiK","robots":{"index":"index","follow":"follow","max-snippet":"max-snippet:-1","max-image-preview":"max-image-preview:large","max-video-preview":"max-video-preview:-1"},"canonical":"https:\/\/wckik.pl\/wp\/konkursy-ofert\/","og_locale":"pl_PL","og_type":"article","og_title":"Konkursy ofert - WCKiK","og_description":"Konkursy ofertZam\u00f3wienia na \u015bwiadczenia zdrowotne. 2026r.: Marzec: 2\/ZO\/SPIZ\/2026 - Badania bakteriologiczne dla TS w E\u0142ku. 3\/ZO\/SPIZ\/2026\u00a0- Badania biochemiczne dla TS w E\u0142ku. Luty: 1\/KO\/2026 \u2013 \u015awiadczenie us\u0142ug medycznych przez lekarza [&hellip;]","og_url":"https:\/\/wckik.pl\/wp\/konkursy-ofert\/","og_site_name":"WCKiK","article_publisher":"https:\/\/www.facebook.com\/wckikspzoz\/?locale=pl_PL","article_modified_time":"2026-04-21T11:20:29+00:00","twitter_card":"summary_large_image","twitter_site":"@WCKiK_SPZOZ","twitter_misc":{"Szacowany czas czytania":"1 minuta"},"schema":{"@context":"https:\/\/schema.org","@graph":[{"@type":"WebPage","@id":"https:\/\/wckik.pl\/wp\/konkursy-ofert\/","url":"https:\/\/wckik.pl\/wp\/konkursy-ofert\/","name":"Konkursy ofert - WCKiK","isPartOf":{"@id":"https:\/\/wckik.pl\/wp\/#website"},"datePublished":"2026-04-20T13:16:10+00:00","dateModified":"2026-04-21T11:20:29+00:00","breadcrumb":{"@id":"https:\/\/wckik.pl\/wp\/konkursy-ofert\/#breadcrumb"},"inLanguage":"pl-PL","potentialAction":[{"@type":"ReadAction","target":["https:\/\/wckik.pl\/wp\/konkursy-ofert\/"]}]},{"@type":"BreadcrumbList","@id":"https:\/\/wckik.pl\/wp\/konkursy-ofert\/#breadcrumb","itemListElement":[{"@type":"ListItem","position":1,"name":"Strona g\u0142\u00f3wna","item":"https:\/\/wckik.pl\/wp\/"},{"@type":"ListItem","position":2,"name":"Konkursy ofert"}]},{"@type":"WebSite","@id":"https:\/\/wckik.pl\/wp\/#website","url":"https:\/\/wckik.pl\/wp\/","name":"WCKiK","description":"Wojskowe Centrum Krwiodawstwa i Krwiolecznictwa SPZOZ","publisher":{"@id":"https:\/\/wckik.pl\/wp\/#organization"},"potentialAction":[{"@type":"SearchAction","target":{"@type":"EntryPoint","urlTemplate":"https:\/\/wckik.pl\/wp\/?s={search_term_string}"},"query-input":{"@type":"PropertyValueSpecification","valueRequired":true,"valueName":"search_term_string"}}],"inLanguage":"pl-PL"},{"@type":"Organization","@id":"https:\/\/wckik.pl\/wp\/#organization","name":"WCKiK","url":"https:\/\/wckik.pl\/wp\/","logo":{"@type":"ImageObject","inLanguage":"pl-PL","@id":"https:\/\/wckik.pl\/wp\/#\/schema\/logo\/image\/","url":"https:\/\/i0.wp.com\/wckik.pl\/wp\/wp-content\/uploads\/2019\/05\/cropped-WCKIK_logo-1.jpg?fit=479%2C495&ssl=1","contentUrl":"https:\/\/i0.wp.com\/wckik.pl\/wp\/wp-content\/uploads\/2019\/05\/cropped-WCKIK_logo-1.jpg?fit=479%2C495&ssl=1","width":479,"height":495,"caption":"WCKiK"},"image":{"@id":"https:\/\/wckik.pl\/wp\/#\/schema\/logo\/image\/"},"sameAs":["https:\/\/www.facebook.com\/wckikspzoz\/?locale=pl_PL","https:\/\/x.com\/WCKiK_SPZOZ"]}]}},"_links":{"self":[{"href":"https:\/\/wckik.pl\/wp\/wp-json\/wp\/v2\/pages\/9155","targetHints":{"allow":["GET"]}}],"collection":[{"href":"https:\/\/wckik.pl\/wp\/wp-json\/wp\/v2\/pages"}],"about":[{"href":"https:\/\/wckik.pl\/wp\/wp-json\/wp\/v2\/types\/page"}],"author":[{"embeddable":true,"href":"https:\/\/wckik.pl\/wp\/wp-json\/wp\/v2\/users\/1"}],"replies":[{"embeddable":true,"href":"https:\/\/wckik.pl\/wp\/wp-json\/wp\/v2\/comments?post=9155"}],"version-history":[{"count":7,"href":"https:\/\/wckik.pl\/wp\/wp-json\/wp\/v2\/pages\/9155\/revisions"}],"predecessor-version":[{"id":9349,"href":"https:\/\/wckik.pl\/wp\/wp-json\/wp\/v2\/pages\/9155\/revisions\/9349"}],"wp:attachment":[{"href":"https:\/\/wckik.pl\/wp\/wp-json\/wp\/v2\/media?parent=9155"}],"curies":[{"name":"wp","href":"https:\/\/api.w.org\/{rel}","templated":true}]}}